{"id":6,"date":"2022-05-21T08:49:11","date_gmt":"2022-05-21T08:49:11","guid":{"rendered":"https:\/\/soba-it.com\/?page_id=6"},"modified":"2026-03-18T14:47:17","modified_gmt":"2026-03-18T14:47:17","slug":"6-2","status":"publish","type":"page","link":"https:\/\/www.soba-it.com\/","title":{"rendered":"SOBA&rsquo;IT<br><span style=\"font-weight: 400; color: rgb(108, 159, 127); font-size:18px;\">Datacenter Expert<\/span>"},"content":{"rendered":"\n<h1 class=\"wp-block-heading has-text-align-center\" id=\"services\">NOS SERVICES<\/h1>\n\n\n\n<div class=\"wp-block-columns is-layout-flex wp-container-core-columns-is-layout-9d6595d7 wp-block-columns-is-layout-flex\">\n<div class=\"wp-block-column is-layout-flow wp-block-column-is-layout-flow\">\n<figure class=\"wp-block-image size-full\"><img loading=\"lazy\" decoding=\"async\" width=\"520\" height=\"347\" src=\"https:\/\/www.soba-it.com\/wp-content\/uploads\/2022\/05\/office-1209640_1920-524w.jpg\" alt=\"\" class=\"wp-image-12\" srcset=\"https:\/\/www.soba-it.com\/wp-content\/uploads\/2022\/05\/office-1209640_1920-524w.jpg 520w, https:\/\/www.soba-it.com\/wp-content\/uploads\/2022\/05\/office-1209640_1920-524w-300x200.jpg 300w\" sizes=\"auto, (max-width: 520px) 100vw, 520px\" \/><\/figure>\n<\/div>\n\n\n\n<div class=\"wp-block-column is-layout-flow wp-block-column-is-layout-flow\">\n<div class=\"wp-block-columns is-layout-flex wp-container-core-columns-is-layout-9d6595d7 wp-block-columns-is-layout-flex\">\n<div class=\"wp-block-column is-layout-flow wp-block-column-is-layout-flow\">\n<figure class=\"wp-block-image size-large is-resized shadow\"><img loading=\"lazy\" decoding=\"async\" width=\"1024\" height=\"1024\" src=\"https:\/\/www.soba-it.com\/wp-content\/uploads\/2022\/05\/urbanisation-1024x1024.png\" alt=\"\" class=\"wp-image-103\" style=\"width:60px;height:60px\" srcset=\"https:\/\/www.soba-it.com\/wp-content\/uploads\/2022\/05\/urbanisation-1024x1024.png 1024w, https:\/\/www.soba-it.com\/wp-content\/uploads\/2022\/05\/urbanisation-300x300.png 300w, https:\/\/www.soba-it.com\/wp-content\/uploads\/2022\/05\/urbanisation-150x150.png 150w, https:\/\/www.soba-it.com\/wp-content\/uploads\/2022\/05\/urbanisation-768x768.png 768w, https:\/\/www.soba-it.com\/wp-content\/uploads\/2022\/05\/urbanisation-1536x1536.png 1536w, https:\/\/www.soba-it.com\/wp-content\/uploads\/2022\/05\/urbanisation.png 1600w\" sizes=\"auto, (max-width: 1024px) 100vw, 1024px\" \/><\/figure>\n\n\n\n<h2 class=\"wp-block-heading\"><span class=\"font-size-16\">Urbanisation Datacenter<\/span><\/h2>\n\n\n\n<h3 class=\"wp-block-heading\"><span class=\"font-size-14\">Infrastructure de salles<\/span><span class=\"font-size-14\"><br><\/span><\/h3>\n\n\n\n<p>Conception de salles | Racks installation &amp; c\u00e2blage<\/p>\n\n\n\n<p>Confinement thermique<br><\/p>\n\n\n\n<h3 class=\"wp-block-heading\"><span class=\"font-size-14\">Solutions de c\u00e2blage structur\u00e9<\/span><\/h3>\n\n\n\n<p><span class=\"font-size-10\">C\u00e2blage Cuivre &amp; Fibre optique | Tests et recette c\u00e2blage<br>Pose de chemin de c\u00e2bles<\/span><\/p>\n\n\n\n<p><span class=\"font-size-10\">R\u00e9paration noyau patch panel | Fusion jarreti\u00e8res FO<\/span><\/p>\n\n\n\n<div style=\"height:90px\" aria-hidden=\"true\" class=\"wp-block-spacer\"><\/div>\n\n\n\n<figure class=\"wp-block-image size-large is-resized shadow\"><img loading=\"lazy\" decoding=\"async\" width=\"1024\" height=\"1024\" src=\"https:\/\/www.soba-it.com\/wp-content\/uploads\/2022\/05\/proximite-1024x1024.png\" alt=\"\" class=\"wp-image-114\" style=\"width:60px;height:60px\" srcset=\"https:\/\/www.soba-it.com\/wp-content\/uploads\/2022\/05\/proximite-1024x1024.png 1024w, https:\/\/www.soba-it.com\/wp-content\/uploads\/2022\/05\/proximite-300x300.png 300w, https:\/\/www.soba-it.com\/wp-content\/uploads\/2022\/05\/proximite-150x150.png 150w, https:\/\/www.soba-it.com\/wp-content\/uploads\/2022\/05\/proximite-768x768.png 768w, https:\/\/www.soba-it.com\/wp-content\/uploads\/2022\/05\/proximite-1536x1536.png 1536w, https:\/\/www.soba-it.com\/wp-content\/uploads\/2022\/05\/proximite.png 1600w\" sizes=\"auto, (max-width: 1024px) 100vw, 1024px\" \/><\/figure>\n\n\n\n<h2 class=\"wp-block-heading\"><strong>Gestes de proximit\u00e9<\/strong><\/h2>\n\n\n\n<h3 class=\"wp-block-heading\">Int\u00e9gration<\/h3>\n\n\n\n<p>Rackage | C\u00e2blage | Gestion des r\u00e9f\u00e9rentiels (DCIM)<\/p>\n\n\n\n<h3 class=\"wp-block-heading\">Assistance<\/h3>\n\n\n\n<p>R\u00e9solution d&rsquo;incidents | Contr\u00f4le | Audit<\/p>\n\n\n\n<h3 class=\"wp-block-heading\">Logistique<\/h3>\n\n\n\n<p>Livraison | Manutention | Gestion des stocks<\/p>\n<\/div>\n\n\n\n<div class=\"wp-block-column is-layout-flow wp-block-column-is-layout-flow\">\n<figure class=\"wp-block-image size-large is-resized shadow wp-duotone-000000-ffffff-1\"><img loading=\"lazy\" decoding=\"async\" width=\"1024\" height=\"1024\" src=\"https:\/\/www.soba-it.com\/wp-content\/uploads\/2022\/05\/relocalisation-1024x1024.png\" alt=\"\" class=\"wp-image-112\" style=\"width:60px;height:60px\" srcset=\"https:\/\/www.soba-it.com\/wp-content\/uploads\/2022\/05\/relocalisation-1024x1024.png 1024w, https:\/\/www.soba-it.com\/wp-content\/uploads\/2022\/05\/relocalisation-300x300.png 300w, https:\/\/www.soba-it.com\/wp-content\/uploads\/2022\/05\/relocalisation-150x150.png 150w, https:\/\/www.soba-it.com\/wp-content\/uploads\/2022\/05\/relocalisation-768x768.png 768w, https:\/\/www.soba-it.com\/wp-content\/uploads\/2022\/05\/relocalisation-1536x1536.png 1536w, https:\/\/www.soba-it.com\/wp-content\/uploads\/2022\/05\/relocalisation.png 1600w\" sizes=\"auto, (max-width: 1024px) 100vw, 1024px\" \/><\/figure>\n\n\n\n<h2 class=\"wp-block-heading\"><strong>Relocalisation Datacenter<\/strong><\/h2>\n\n\n\n<h3 class=\"wp-block-heading\">Assistance au transfert | AMOA<\/h3>\n\n\n\n<p>\u00c9tude projet &amp; Analyse des risques<\/p>\n\n\n\n<p>Coordination &amp; Animation des \u00e9quipes<\/p>\n\n\n\n<p>D\u00e9finition de la m\u00e9thodologie | Lotissements &amp; Plannings<\/p>\n\n\n\n<h3 class=\"wp-block-heading\">Op\u00e9rations de transfert<\/h3>\n\n\n\n<p>Coordination &amp; Pilotage<br>D\u00e9connexion\/Reconnexion | D\u00e9rackage\/Rackage | Conditionnement (flight-cases)<\/p>\n\n\n\n<p>Transport s\u00e9curis\u00e9 (Utilitaires | 20 m3 | Poids lourd)<\/p>\n\n\n\n<p>Troubleshooting | Aide au red\u00e9marrage<\/p>\n\n\n\n<div style=\"height:44px\" aria-hidden=\"true\" class=\"wp-block-spacer\"><\/div>\n\n\n\n<figure class=\"wp-block-image size-large is-resized shadow\"><img loading=\"lazy\" decoding=\"async\" width=\"1024\" height=\"1024\" src=\"https:\/\/www.soba-it.com\/wp-content\/uploads\/2022\/05\/fourniture-1024x1024.png\" alt=\"\" class=\"wp-image-132\" style=\"width:60px;height:60px\" srcset=\"https:\/\/www.soba-it.com\/wp-content\/uploads\/2022\/05\/fourniture-1024x1024.png 1024w, https:\/\/www.soba-it.com\/wp-content\/uploads\/2022\/05\/fourniture-300x300.png 300w, https:\/\/www.soba-it.com\/wp-content\/uploads\/2022\/05\/fourniture-150x150.png 150w, https:\/\/www.soba-it.com\/wp-content\/uploads\/2022\/05\/fourniture-768x768.png 768w, https:\/\/www.soba-it.com\/wp-content\/uploads\/2022\/05\/fourniture-1536x1536.png 1536w, https:\/\/www.soba-it.com\/wp-content\/uploads\/2022\/05\/fourniture.png 1600w\" sizes=\"auto, (max-width: 1024px) 100vw, 1024px\" \/><\/figure>\n\n\n\n<h2 class=\"wp-block-heading\"><strong>Fournitures Datacenter<\/strong><\/h2>\n\n\n\n<h3 class=\"wp-block-heading\">Baie | Rack<\/h3>\n\n\n\n<p>Baies serveurs &amp; r\u00e9seaux | Coffrets a\u00e9riens<\/p>\n\n\n\n<h3 class=\"wp-block-heading\">C\u00e2blage<\/h3>\n\n\n\n<p>C\u00e2bles RJ45 &amp; FO | Connecteurs | Chemins de c\u00e2bles<\/p>\n\n\n\n<h3 class=\"wp-block-heading\">Appareillage<\/h3>\n\n\n\n<p>Outils de Test &amp; Certification | Diagnostiques &amp; Mesures<\/p>\n\n\n\n<h3 class=\"wp-block-heading\">Accessoires<\/h3>\n\n\n\n<p>Plateaux | Passe-c\u00e2bles | Quincaillerie<\/p>\n<\/div>\n<\/div>\n<\/div>\n<\/div>\n\n\n\n<div style=\"height:50px\" aria-hidden=\"true\" class=\"wp-block-spacer\"><\/div>\n\n\n\n<div id=\"soci\u00e9t\u00e9\" class=\"wp-block-group cadre_gris has-cyan-bluish-gray-background-color has-background\"><div class=\"wp-block-group__inner-container is-layout-flow wp-block-group-is-layout-flow\">\n<h1 class=\"wp-block-heading has-text-align-center\" id=\"soci\u00e9t\u00e9\"><strong>LA SOCIETE<\/strong><\/h1>\n\n\n\n<p><strong>SOBA&rsquo;IT&nbsp;Datacenter Expert<\/strong>&nbsp;est une&nbsp;soci\u00e9t\u00e9 sp\u00e9cialis\u00e9e dans les&nbsp;<strong>op\u00e9rations Datacenter<\/strong>.<\/p>\n\n\n\n<p>De l&rsquo;<strong>infrastructure Datacenter&nbsp;<\/strong>\u00e0 l&rsquo;exploitation de&nbsp;<strong>salles informatiques<\/strong>&nbsp;en passant par la&nbsp;<strong>relocalisation IT<\/strong>,<\/p>\n\n\n\n<p>nous accompagnons nos clients dans tous leurs&nbsp;<strong>projets&nbsp;Datacenter<\/strong>.<\/p>\n\n\n\n<p>Notre savoir-faire couvre l&rsquo;ensemble des missions li\u00e9es aux centres de donn\u00e9es, de la conception de salles \u00e0 l&rsquo;exploitation du SI.<\/p>\n\n\n\n<p><strong>SOBA&rsquo;IT<\/strong>&nbsp;int\u00e8gre syst\u00e9matiquement dans sa r\u00e9flexion le principe de&nbsp;<strong>satisfaction client<\/strong>&nbsp;qui constitue son ADN.<\/p>\n<\/div><\/div>\n\n\n\n<div style=\"height:50px\" aria-hidden=\"true\" class=\"wp-block-spacer\"><\/div>\n\n\n\n<h1 class=\"wp-block-heading has-text-align-center\" id=\"partenaires\">ILS NOUS FONT CONFIANCE<\/h1>\n\n\n\n<div class=\"wp-block-group is-layout-grid wp-container-core-group-is-layout-9649a0d9 wp-block-group-is-layout-grid\">\n<figure class=\"wp-block-image size-full\"><img loading=\"lazy\" decoding=\"async\" width=\"320\" height=\"320\" src=\"https:\/\/www.soba-it.com\/wp-content\/uploads\/2026\/03\/Bouygues-1.png\" alt=\"\" class=\"wp-image-332\" srcset=\"https:\/\/www.soba-it.com\/wp-content\/uploads\/2026\/03\/Bouygues-1.png 320w, https:\/\/www.soba-it.com\/wp-content\/uploads\/2026\/03\/Bouygues-1-300x300.png 300w, https:\/\/www.soba-it.com\/wp-content\/uploads\/2026\/03\/Bouygues-1-150x150.png 150w\" sizes=\"auto, (max-width: 320px) 100vw, 320px\" \/><\/figure>\n\n\n\n<figure class=\"wp-block-image size-full\"><img loading=\"lazy\" decoding=\"async\" width=\"320\" height=\"320\" src=\"https:\/\/www.soba-it.com\/wp-content\/uploads\/2026\/03\/Global-Switch.png\" alt=\"\" class=\"wp-image-333\" srcset=\"https:\/\/www.soba-it.com\/wp-content\/uploads\/2026\/03\/Global-Switch.png 320w, https:\/\/www.soba-it.com\/wp-content\/uploads\/2026\/03\/Global-Switch-300x300.png 300w, https:\/\/www.soba-it.com\/wp-content\/uploads\/2026\/03\/Global-Switch-150x150.png 150w\" sizes=\"auto, (max-width: 320px) 100vw, 320px\" \/><\/figure>\n\n\n\n<figure class=\"wp-block-image size-full\"><img loading=\"lazy\" decoding=\"async\" width=\"320\" height=\"320\" src=\"https:\/\/www.soba-it.com\/wp-content\/uploads\/2026\/03\/Corelia.png\" alt=\"\" class=\"wp-image-336\" srcset=\"https:\/\/www.soba-it.com\/wp-content\/uploads\/2026\/03\/Corelia.png 320w, https:\/\/www.soba-it.com\/wp-content\/uploads\/2026\/03\/Corelia-300x300.png 300w, https:\/\/www.soba-it.com\/wp-content\/uploads\/2026\/03\/Corelia-150x150.png 150w\" sizes=\"auto, (max-width: 320px) 100vw, 320px\" \/><\/figure>\n\n\n\n<figure class=\"wp-block-image size-full\"><img loading=\"lazy\" decoding=\"async\" width=\"320\" height=\"320\" src=\"https:\/\/www.soba-it.com\/wp-content\/uploads\/2026\/03\/Societe-Generale.png\" alt=\"\" class=\"wp-image-334\" srcset=\"https:\/\/www.soba-it.com\/wp-content\/uploads\/2026\/03\/Societe-Generale.png 320w, https:\/\/www.soba-it.com\/wp-content\/uploads\/2026\/03\/Societe-Generale-300x300.png 300w, https:\/\/www.soba-it.com\/wp-content\/uploads\/2026\/03\/Societe-Generale-150x150.png 150w\" sizes=\"auto, (max-width: 320px) 100vw, 320px\" \/><\/figure>\n\n\n\n<figure class=\"wp-block-image size-full\"><img loading=\"lazy\" decoding=\"async\" width=\"320\" height=\"320\" src=\"https:\/\/www.soba-it.com\/wp-content\/uploads\/2026\/03\/Metaline.png\" alt=\"\" class=\"wp-image-337\" srcset=\"https:\/\/www.soba-it.com\/wp-content\/uploads\/2026\/03\/Metaline.png 320w, https:\/\/www.soba-it.com\/wp-content\/uploads\/2026\/03\/Metaline-300x300.png 300w, https:\/\/www.soba-it.com\/wp-content\/uploads\/2026\/03\/Metaline-150x150.png 150w\" sizes=\"auto, (max-width: 320px) 100vw, 320px\" \/><\/figure>\n\n\n\n<figure class=\"wp-block-image size-full\"><img loading=\"lazy\" decoding=\"async\" width=\"320\" height=\"320\" src=\"https:\/\/www.soba-it.com\/wp-content\/uploads\/2026\/03\/Penta-Infra.png\" alt=\"\" class=\"wp-image-338\" srcset=\"https:\/\/www.soba-it.com\/wp-content\/uploads\/2026\/03\/Penta-Infra.png 320w, https:\/\/www.soba-it.com\/wp-content\/uploads\/2026\/03\/Penta-Infra-300x300.png 300w, https:\/\/www.soba-it.com\/wp-content\/uploads\/2026\/03\/Penta-Infra-150x150.png 150w\" sizes=\"auto, (max-width: 320px) 100vw, 320px\" \/><\/figure>\n<\/div>\n\n\n\n<div style=\"height:50px\" aria-hidden=\"true\" class=\"wp-block-spacer\"><\/div>\n\n\n\n<h1 class=\"wp-block-heading has-text-align-center\" id=\"partenaires\">NOS PARTENAIRES<\/h1>\n\n\n\n<div class=\"wp-block-columns is-layout-flex wp-container-core-columns-is-layout-9d6595d7 wp-block-columns-is-layout-flex\">\n<div class=\"wp-block-column is-layout-flow wp-block-column-is-layout-flow\">\n<div class=\"wp-block-columns is-layout-flex wp-container-core-columns-is-layout-9d6595d7 wp-block-columns-is-layout-flex\">\n<div class=\"wp-block-column is-layout-flow wp-block-column-is-layout-flow\"><div class=\"wp-block-image\">\n<figure class=\"aligncenter size-full is-resized\"><img loading=\"lazy\" decoding=\"async\" width=\"297\" height=\"125\" src=\"https:\/\/www.soba-it.com\/wp-content\/uploads\/2022\/05\/FMCables-360w.png\" alt=\"\" class=\"wp-image-9\" style=\"width:180px;height:75px\"\/><\/figure>\n<\/div>\n\n\n<p class=\"has-text-align-center\">Fournitures Datacenter<\/p>\n\n\n\n<p class=\"has-text-align-center\">Distribution \u00e9lectrique | C\u00e2blage (RJ\/FO)<\/p>\n\n\n\n<p class=\"has-text-align-center\">Appareillages de mesure &amp; Diagnostique<\/p>\n\n\n\n<p class=\"has-text-align-center\">Accessoires (plateaux, passe-c\u00e2bles, quincaillerie&#8230;)<\/p>\n<\/div>\n\n\n\n<div class=\"wp-block-column is-layout-flow wp-block-column-is-layout-flow\"><div class=\"wp-block-image\">\n<figure class=\"aligncenter size-full is-resized\"><img loading=\"lazy\" decoding=\"async\" width=\"416\" height=\"195\" src=\"https:\/\/www.soba-it.com\/wp-content\/uploads\/2022\/05\/SCIElogo-474dfef2-240w.png\" alt=\"\" class=\"wp-image-13\" style=\"width:160px;height:75px\" srcset=\"https:\/\/www.soba-it.com\/wp-content\/uploads\/2022\/05\/SCIElogo-474dfef2-240w.png 416w, https:\/\/www.soba-it.com\/wp-content\/uploads\/2022\/05\/SCIElogo-474dfef2-240w-300x141.png 300w\" sizes=\"auto, (max-width: 416px) 100vw, 416px\" \/><\/figure>\n<\/div>\n\n\n<p class=\"has-text-align-center\">Cr\u00e9ation &amp; Optimisation infrastructures r\u00e9seaux<\/p>\n\n\n\n<p class=\"has-text-align-center\">Installation &amp; Mise en conformit\u00e9 \u00e9lectriques<\/p>\n\n\n\n<p class=\"has-text-align-center\">Installation syst\u00e8mes d&rsquo;alarme | D\u00e9tection intrusion<\/p>\n\n\n\n<p class=\"has-text-align-center\">D\u00e9tection incendie | Audio &amp; Vid\u00e9o surveillance<\/p>\n<\/div>\n<\/div>\n<\/div>\n\n\n\n<div class=\"wp-block-column is-layout-flow wp-block-column-is-layout-flow\">\n<div class=\"wp-block-columns is-layout-flex wp-container-core-columns-is-layout-9d6595d7 wp-block-columns-is-layout-flex\">\n<div class=\"wp-block-column is-layout-flow wp-block-column-is-layout-flow\"><div class=\"wp-block-image\">\n<figure class=\"aligncenter size-full is-resized\"><img loading=\"lazy\" decoding=\"async\" width=\"162\" height=\"111\" src=\"https:\/\/www.soba-it.com\/wp-content\/uploads\/2022\/05\/engineeringmv-248w.png\" alt=\"\" class=\"wp-image-8\" style=\"width:109px;height:75px\"\/><\/figure>\n<\/div>\n\n\n<p class=\"has-text-align-center\">Maintenance r\u00e9seaux HTA &amp; HTB<\/p>\n\n\n\n<p class=\"has-text-align-center\">Protection des r\u00e9seaux<\/p>\n\n\n\n<p class=\"has-text-align-center\">Analyse de perturbographe<\/p>\n<\/div>\n\n\n\n<div class=\"wp-block-column is-layout-flow wp-block-column-is-layout-flow\"><div class=\"wp-block-image\">\n<figure class=\"aligncenter size-full is-resized\"><img loading=\"lazy\" decoding=\"async\" width=\"240\" height=\"129\" src=\"https:\/\/www.soba-it.com\/wp-content\/uploads\/2022\/05\/SodiaTransport-5b2b4491-240w.png\" alt=\"\" class=\"wp-image-14\" style=\"width:140px;height:75px\"\/><\/figure>\n<\/div>\n\n\n<p class=\"has-text-align-center\">Service de transport personnalis\u00e9<\/p>\n\n\n\n<p class=\"has-text-align-center\">Location d&rsquo;utilitaire avec chauffeur<\/p>\n\n\n\n<p class=\"has-text-align-center\">Stockage &amp; Entreposage<\/p>\n<\/div>\n<\/div>\n<\/div>\n<\/div>\n\n\n\n<div style=\"height:50px\" aria-hidden=\"true\" class=\"wp-block-spacer\"><\/div>\n\n\n\n<div class=\"wp-block-group cadre_gris\"><div class=\"wp-block-group__inner-container is-layout-flow wp-block-group-is-layout-flow\">\n<h1 class=\"wp-block-heading has-text-align-center\">CONTACT<\/h1>\n\n\n\n<div class=\"wp-block-group contact shadow has-white-background-color has-background\"><div class=\"wp-block-group__inner-container is-layout-flow wp-block-group-is-layout-flow\">\n<div class=\"wp-block-group is-nowrap is-layout-flex wp-container-core-group-is-layout-ad2f72ca wp-block-group-is-layout-flex\">\n<figure class=\"wp-block-image size-full is-resized\"><img loading=\"lazy\" decoding=\"async\" width=\"240\" height=\"240\" src=\"https:\/\/www.soba-it.com\/wp-content\/uploads\/2022\/05\/map-marker.png\" alt=\"\" class=\"wp-image-268\" style=\"width:30px;height:30px\" srcset=\"https:\/\/www.soba-it.com\/wp-content\/uploads\/2022\/05\/map-marker.png 240w, https:\/\/www.soba-it.com\/wp-content\/uploads\/2022\/05\/map-marker-150x150.png 150w\" sizes=\"auto, (max-width: 240px) 100vw, 240px\" \/><\/figure>\n\n\n\n<p><a href=\"https:\/\/www.google.fr\/maps\/place\/4+All%C3%A9e+de+la+Ltt,+78700+Conflans-Sainte-Honorine\/@48.9984438,2.0995532,17z\/data=!3m1!4b1!4m5!3m4!1s0x47e68a993925320b:0x9e1ade14059f38a7!8m2!3d48.9984438!4d2.1017419\" id=\"1973230239\" class=\"\" target=\"_blank\" file=\"false\" rel=\"noopener\">4 all\u00e9e de la L T T 78700 CONFLANS SAINTE HONORINE<\/a><\/p>\n<\/div>\n\n\n\n<div style=\"height:20px\" aria-hidden=\"true\" class=\"wp-block-spacer\"><\/div>\n\n\n\n<div class=\"wp-block-group is-nowrap is-layout-flex wp-container-core-group-is-layout-ad2f72ca wp-block-group-is-layout-flex\">\n<figure class=\"wp-block-image size-full is-resized\"><img loading=\"lazy\" decoding=\"async\" width=\"240\" height=\"240\" src=\"https:\/\/www.soba-it.com\/wp-content\/uploads\/2022\/05\/phone_thin.png\" alt=\"\" class=\"wp-image-273\" style=\"width:30px;height:30px\" srcset=\"https:\/\/www.soba-it.com\/wp-content\/uploads\/2022\/05\/phone_thin.png 240w, https:\/\/www.soba-it.com\/wp-content\/uploads\/2022\/05\/phone_thin-150x150.png 150w\" sizes=\"auto, (max-width: 240px) 100vw, 240px\" \/><\/figure>\n\n\n\n<p><a href=\"tel:06 26 22 62 35\" id=\"1903809477\" file=\"false\">06 26 22 62 35<\/a><\/p>\n<\/div>\n\n\n\n<div style=\"height:20px\" aria-hidden=\"true\" class=\"wp-block-spacer\"><\/div>\n\n\n\n<div class=\"wp-block-group is-nowrap is-layout-flex wp-container-core-group-is-layout-ad2f72ca wp-block-group-is-layout-flex\">\n<figure class=\"wp-block-image size-full is-resized\"><img loading=\"lazy\" decoding=\"async\" width=\"240\" height=\"240\" src=\"https:\/\/www.soba-it.com\/wp-content\/uploads\/2022\/05\/envelope.png\" alt=\"\" class=\"wp-image-274\" style=\"width:30px;height:30px\" srcset=\"https:\/\/www.soba-it.com\/wp-content\/uploads\/2022\/05\/envelope.png 240w, https:\/\/www.soba-it.com\/wp-content\/uploads\/2022\/05\/envelope-150x150.png 150w\" sizes=\"auto, (max-width: 240px) 100vw, 240px\" \/><\/figure>\n\n\n\n<p><a href=\"mailto:contact@soba-it.com\" id=\"1502378456\" file=\"false\">contact@soba-it.com<\/a><\/p>\n<\/div>\n\n\n\n<div style=\"height:30px\" aria-hidden=\"true\" class=\"wp-block-spacer\"><\/div>\n\n\n\n<a href=\"https:\/\/fr.linkedin.com\/company\/soba-it\" target=\"_blank\" rel=\"noopener\"><img decoding=\"async\" src=\"https:\/\/www.soba-it.com\/wp-content\/uploads\/2022\/05\/linkedin.png\" width=\"36px\" height=\"auto\"><\/a>\n<\/div><\/div>\n<\/div><\/div>\n","protected":false},"excerpt":{"rendered":"<p>NOS SERVICES Urbanisation Datacenter Infrastructure de salles Conception de salles | Racks installation &amp; c\u00e2blage Confinement thermique Solutions de c\u00e2blage structur\u00e9 C\u00e2blage Cuivre &amp; Fibre optique | Tests et recette c\u00e2blagePose de chemin de c\u00e2bles R\u00e9paration noyau patch panel | Fusion jarreti\u00e8res FO Gestes de proximit\u00e9 Int\u00e9gration Rackage | C\u00e2blage | Gestion des r\u00e9f\u00e9rentiels (DCIM) Assistance R\u00e9solution d&rsquo;incidents | Contr\u00f4le | Audit Logistique Livraison | Manutention | Gestion des stocks Relocalisation Datacenter Assistance au transfert | AMOA \u00c9tude projet &amp; Analyse des risques Coordination &amp; Animation des \u00e9quipes D\u00e9finition de la m\u00e9thodologie | Lotissements &amp; Plannings Op\u00e9rations de transfert Coordination &amp; PilotageD\u00e9connexion\/Reconnexion | D\u00e9rackage\/Rackage | Conditionnement (flight-cases) Transport s\u00e9curis\u00e9 (Utilitaires | 20 m3 | Poids lourd) Troubleshooting | Aide au red\u00e9marrage Fournitures Datacenter Baie | Rack Baies serveurs &amp; r\u00e9seaux | Coffrets a\u00e9riens C\u00e2blage C\u00e2bles RJ45 &amp; FO | Connecteurs | Chemins de c\u00e2bles Appareillage Outils de Test &amp; Certification&hellip;<\/p>\n<p> <a class=\"more-link\" href=\"https:\/\/www.soba-it.com\/\">Lire la suite<\/a><\/p>\n","protected":false},"author":1,"featured_media":0,"parent":0,"menu_order":0,"comment_status":"closed","ping_status":"closed","template":"","meta":{"inline_featured_image":false,"footnotes":""},"class_list":["post-6","page","type-page","status-publish"],"_links":{"self":[{"href":"https:\/\/www.soba-it.com\/index.php?rest_route=\/wp\/v2\/pages\/6","targetHints":{"allow":["GET"]}}],"collection":[{"href":"https:\/\/www.soba-it.com\/index.php?rest_route=\/wp\/v2\/pages"}],"about":[{"href":"https:\/\/www.soba-it.com\/index.php?rest_route=\/wp\/v2\/types\/page"}],"author":[{"embeddable":true,"href":"https:\/\/www.soba-it.com\/index.php?rest_route=\/wp\/v2\/users\/1"}],"replies":[{"embeddable":true,"href":"https:\/\/www.soba-it.com\/index.php?rest_route=%2Fwp%2Fv2%2Fcomments&post=6"}],"version-history":[{"count":97,"href":"https:\/\/www.soba-it.com\/index.php?rest_route=\/wp\/v2\/pages\/6\/revisions"}],"predecessor-version":[{"id":339,"href":"https:\/\/www.soba-it.com\/index.php?rest_route=\/wp\/v2\/pages\/6\/revisions\/339"}],"wp:attachment":[{"href":"https:\/\/www.soba-it.com\/index.php?rest_route=%2Fwp%2Fv2%2Fmedia&parent=6"}],"curies":[{"name":"wp","href":"https:\/\/api.w.org\/{rel}","templated":true}]}}